{"id":802,"date":"2021-01-18T13:03:30","date_gmt":"2021-01-18T13:03:30","guid":{"rendered":"http:\/\/alsaif.med.sa\/sandbox\/?page_id=802"},"modified":"2021-04-07T07:54:19","modified_gmt":"2021-04-07T07:54:19","slug":"blog","status":"publish","type":"page","link":"https:\/\/alsaif.med.sa\/sandbox\/blog\/","title":{"rendered":"Blog"},"content":{"rendered":"<p><div class=\"fusion-fullwidth fullwidth-box fusion-builder-row-1 fusion-flex-container nonhundred-percent-fullwidth non-hundred-percent-height-scrolling\" style=\"background-color: rgba(255,255,255,0);background-position: center center;background-repeat: no-repeat;border-width: 0px 0px 0px 0px;border-color:#eae9e9;border-style:solid;\" ><div class=\"fusion-builder-row fusion-row fusion-flex-align-items-flex-start\" style=\"max-width:calc( 1100px + 0px );margin-left: calc(-0px \/ 2 );margin-right: calc(-0px \/ 2 );\"><div class=\"fusion-layout-column fusion_builder_column fusion-builder-column-0 fusion_builder_column_1_1 1_1 fusion-flex-column\"><div class=\"fusion-column-wrapper fusion-flex-justify-content-flex-start fusion-content-layout-column\" style=\"background-position:left top;background-repeat:no-repeat;-webkit-background-size:cover;-moz-background-size:cover;-o-background-size:cover;background-size:cover;padding: 0px 0px 0px 0px;\"><div class=\"fusion-blog-shortcode fusion-blog-shortcode-1 fusion-blog-archive fusion-blog-layout-grid-wrapper fusion-blog-pagination\"><style type=\"text\/css\">.fusion-blog-shortcode-1 .fusion-blog-layout-grid .fusion-post-grid{padding:25px;}.fusion-blog-shortcode-1 .fusion-posts-container{margin-left: -25px !important; margin-right:-25px !important;}<\/style><div class=\"fusion-posts-container fusion-posts-container-pagination fusion-blog-rollover fusion-blog-layout-grid fusion-blog-layout-grid-2 isotope\" data-pages=\"75\" data-grid-col-space=\"50\" style=\"margin: -25px -25px 0;min-height:500px;\"><article id=\"blog-1-post-2213\" class=\"fusion-post-grid post-2213 post type-post status-publish format-standard hentry category-1win-turkiye\">\n<div class=\"fusion-post-wrapper\" style=\"background-color:rgba(255,255,255,0);border:1px solid #eeeeee;border-bottom-width:3px;\">\n\n<div class=\"fusion-post-content-wrapper\" style=\"padding:30px 25px 20px 25px;\"><div class=\"fusion-post-content post-content\"><h2 class=\"blog-shortcode-post-title entry-title\"><a href=\"https:\/\/alsaif.med.sa\/sandbox\/sobre-i%cc%87yi-slot-oyunlari-ucretsiz-casino-oyunlari\/\">&#8220;Sobre I\u0307yi Slot Oyunlar\u0131 \u00dccretsiz Casino Oyunlar\u0131<\/a><\/h2><div class=\"fusion-content-sep sep-single sep-solid\" style=\"border-color:#eff3f9;\"><\/div><\/div><div class=\"fusion-meta-info\"><div class=\"fusion-alignleft\"><a class=\"fusion-read-more\" href=\"https:\/\/alsaif.med.sa\/sandbox\/sobre-i%cc%87yi-slot-oyunlari-ucretsiz-casino-oyunlari\/\" aria-label=\"More on &#8220;Sobre I\u0307yi Slot Oyunlar\u0131 \u00dccretsiz Casino Oyunlar\u0131\">Read More<\/a><\/div><\/div><\/div><div class=\"fusion-clearfix\"><\/div><\/div>\n<\/article>\n<article id=\"blog-1-post-2211\" class=\"fusion-post-grid post-2211 post type-post status-publish format-standard hentry category-casino\">\n<div class=\"fusion-post-wrapper\" style=\"background-color:rgba(255,255,255,0);border:1px solid #eeeeee;border-bottom-width:3px;\">\n\n<div class=\"fusion-post-content-wrapper\" style=\"padding:30px 25px 20px 25px;\"><div class=\"fusion-post-content post-content\"><h2 class=\"blog-shortcode-post-title entry-title\"><a href=\"https:\/\/alsaif.med.sa\/sandbox\/glory-casino-on-the-internet-in-bangladesh-journal-in-liv-2\/\">Glory Casino On The Internet In Bangladesh Journal In Liv<\/a><\/h2><div class=\"fusion-content-sep sep-single sep-solid\" style=\"border-color:#eff3f9;\"><\/div><\/div><div class=\"fusion-meta-info\"><div class=\"fusion-alignleft\"><a class=\"fusion-read-more\" href=\"https:\/\/alsaif.med.sa\/sandbox\/glory-casino-on-the-internet-in-bangladesh-journal-in-liv-2\/\" aria-label=\"More on Glory Casino On The Internet In Bangladesh Journal In Liv\">Read More<\/a><\/div><\/div><\/div><div class=\"fusion-clearfix\"><\/div><\/div>\n<\/article>\n<article id=\"blog-1-post-2209\" class=\"fusion-post-grid post-2209 post type-post status-publish format-standard hentry category-casino\">\n<div class=\"fusion-post-wrapper\" style=\"background-color:rgba(255,255,255,0);border:1px solid #eeeeee;border-bottom-width:3px;\">\n\n<div class=\"fusion-post-content-wrapper\" style=\"padding:30px 25px 20px 25px;\"><div class=\"fusion-post-content post-content\"><h2 class=\"blog-shortcode-post-title entry-title\"><a href=\"https:\/\/alsaif.med.sa\/sandbox\/glory-casino-on-the-internet-in-bangladesh-journal-in-liv\/\">Glory Casino On The Internet In Bangladesh Journal In Liv<\/a><\/h2><div class=\"fusion-content-sep sep-single sep-solid\" style=\"border-color:#eff3f9;\"><\/div><\/div><div class=\"fusion-meta-info\"><div class=\"fusion-alignleft\"><a class=\"fusion-read-more\" href=\"https:\/\/alsaif.med.sa\/sandbox\/glory-casino-on-the-internet-in-bangladesh-journal-in-liv\/\" aria-label=\"More on Glory Casino On The Internet In Bangladesh Journal In Liv\">Read More<\/a><\/div><\/div><\/div><div class=\"fusion-clearfix\"><\/div><\/div>\n<\/article>\n<article id=\"blog-1-post-2207\" class=\"fusion-post-grid post-2207 post type-post status-publish format-standard hentry category-1winrussia\">\n<div class=\"fusion-post-wrapper\" style=\"background-color:rgba(255,255,255,0);border:1px solid #eeeeee;border-bottom-width:3px;\">\n\n<div class=\"fusion-post-content-wrapper\" style=\"padding:30px 25px 20px 25px;\"><div class=\"fusion-post-content post-content\"><h2 class=\"blog-shortcode-post-title entry-title\"><a href=\"https:\/\/alsaif.med.sa\/sandbox\/%d1%80%d0%b5%d0%b0%d0%bb-%d0%b0%d0%bb%d0%b0%d0%b2%d0%b5%d1%81%3a-%d0%bf%d1%80%d0%be%d0%b3%d0%bd%d0%be%d0%b7-%d0%b0-%d0%bc%d0%b0%d1%82%d1%87-%d1%87%d0%b5%d0%bc%d0%bf%d0%b8%d0%be\/\">\u00ab\u0440\u0435\u0430\u043b\u00bb \u00ab\u0430\u043b\u0430\u0432\u0435\u0441\u00bb%3A \u041f\u0440\u043e\u0433\u043d\u043e\u0437 \u0430 \u041c\u0430\u0442\u0447 \u0427\u0435\u043c\u043f\u0438\u043e\u043d\u0430\u0442\u0430 \u0418\u0441\u043f\u0430\u043d\u0438\u0438%2C \u0421\u0442\u0430\u0432\u043a\u0438%2C \u041a\u043e\u044d\u0444\u0444\u0438\u0446\u0438\u0435\u043d\u0442\u044b%2C \u043a\u0442\u043e \u041f\u043e\u0431\u0435\u0434\u0438\u0442 24 09 2024 \u0421\u043f\u043e\u0440\u0442 Mai<\/a><\/h2><div class=\"fusion-content-sep sep-single sep-solid\" style=\"border-color:#eff3f9;\"><\/div><\/div><div class=\"fusion-meta-info\"><div class=\"fusion-alignleft\"><a class=\"fusion-read-more\" href=\"https:\/\/alsaif.med.sa\/sandbox\/%d1%80%d0%b5%d0%b0%d0%bb-%d0%b0%d0%bb%d0%b0%d0%b2%d0%b5%d1%81%3a-%d0%bf%d1%80%d0%be%d0%b3%d0%bd%d0%be%d0%b7-%d0%b0-%d0%bc%d0%b0%d1%82%d1%87-%d1%87%d0%b5%d0%bc%d0%bf%d0%b8%d0%be\/\" aria-label=\"More on \u00ab\u0440\u0435\u0430\u043b\u00bb \u00ab\u0430\u043b\u0430\u0432\u0435\u0441\u00bb%3A \u041f\u0440\u043e\u0433\u043d\u043e\u0437 \u0430 \u041c\u0430\u0442\u0447 \u0427\u0435\u043c\u043f\u0438\u043e\u043d\u0430\u0442\u0430 \u0418\u0441\u043f\u0430\u043d\u0438\u0438%2C \u0421\u0442\u0430\u0432\u043a\u0438%2C \u041a\u043e\u044d\u0444\u0444\u0438\u0446\u0438\u0435\u043d\u0442\u044b%2C \u043a\u0442\u043e \u041f\u043e\u0431\u0435\u0434\u0438\u0442 24 09 2024 \u0421\u043f\u043e\u0440\u0442 Mai\">Read More<\/a><\/div><\/div><\/div><div class=\"fusion-clearfix\"><\/div><\/div>\n<\/article>\n<article id=\"blog-1-post-2203\" class=\"fusion-post-grid post-2203 post type-post status-publish format-standard hentry category-uncategorized\">\n<div class=\"fusion-post-wrapper\" style=\"background-color:rgba(255,255,255,0);border:1px solid #eeeeee;border-bottom-width:3px;\">\n\n<div class=\"fusion-post-content-wrapper\" style=\"padding:30px 25px 20px 25px;\"><div class=\"fusion-post-content post-content\"><h2 class=\"blog-shortcode-post-title entry-title\"><a href=\"https:\/\/alsaif.med.sa\/sandbox\/cassino-bonus-de-cadastro-gratis-2024-bonus-sem-deposit\/\">Cassino B\u00f4nus De Cadastro Gr\u00e1tis 2024 B\u00f4nus Sem Dep\u00f3sit<\/a><\/h2><div class=\"fusion-content-sep sep-single sep-solid\" style=\"border-color:#eff3f9;\"><\/div><\/div><div class=\"fusion-meta-info\"><div class=\"fusion-alignleft\"><a class=\"fusion-read-more\" href=\"https:\/\/alsaif.med.sa\/sandbox\/cassino-bonus-de-cadastro-gratis-2024-bonus-sem-deposit\/\" aria-label=\"More on Cassino B\u00f4nus De Cadastro Gr\u00e1tis 2024 B\u00f4nus Sem Dep\u00f3sit\">Read More<\/a><\/div><\/div><\/div><div class=\"fusion-clearfix\"><\/div><\/div>\n<\/article>\n<article id=\"blog-1-post-2201\" class=\"fusion-post-grid post-2201 post type-post status-publish format-standard hentry category-1win-turkiye\">\n<div class=\"fusion-post-wrapper\" style=\"background-color:rgba(255,255,255,0);border:1px solid #eeeeee;border-bottom-width:3px;\">\n\n<div class=\"fusion-post-content-wrapper\" style=\"padding:30px 25px 20px 25px;\"><div class=\"fusion-post-content post-content\"><h2 class=\"blog-shortcode-post-title entry-title\"><a href=\"https:\/\/alsaif.med.sa\/sandbox\/en-i%cc%87yi-slot-oyunlari-ucretsiz-casino-oyunlar\/\">&#8220;En I\u0307yi Slot Oyunlar\u0131 \u00dccretsiz Casino Oyunlar<\/a><\/h2><div class=\"fusion-content-sep sep-single sep-solid\" style=\"border-color:#eff3f9;\"><\/div><\/div><div class=\"fusion-meta-info\"><div class=\"fusion-alignleft\"><a class=\"fusion-read-more\" href=\"https:\/\/alsaif.med.sa\/sandbox\/en-i%cc%87yi-slot-oyunlari-ucretsiz-casino-oyunlar\/\" aria-label=\"More on &#8220;En I\u0307yi Slot Oyunlar\u0131 \u00dccretsiz Casino Oyunlar\">Read More<\/a><\/div><\/div><\/div><div class=\"fusion-clearfix\"><\/div><\/div>\n<\/article>\n<div class=\"fusion-clearfix\"><\/div><\/div><div class=\"pagination clearfix\"><span class=\"current\">1<\/span><a href=\"https:\/\/alsaif.med.sa\/sandbox\/wp-json\/wp\/v2\/pages\/802\/page\/2\/\" class=\"inactive\">2<\/a><a class=\"pagination-next\" rel=\"next\" href=\"https:\/\/alsaif.med.sa\/sandbox\/wp-json\/wp\/v2\/pages\/802\/page\/2\/\"><span class=\"page-text\">Next<\/span><span class=\"page-next\"><\/span><\/a><\/div><div class=\"fusion-clearfix\"><\/div><\/div><\/div><\/div><style type=\"text\/css\">.fusion-body .fusion-builder-column-0{width:100% !important;margin-top : 2%;margin-bottom : 2%;}.fusion-builder-column-0 > .fusion-column-wrapper {padding-top : 0px !important;padding-right : 0px !important;margin-right : 0px;padding-bottom : 0px !important;padding-left : 0px !important;margin-left : 0px;}@media only screen and (max-width:1280px) {.fusion-body .fusion-builder-column-0{width:100% !important;}.fusion-builder-column-0 > .fusion-column-wrapper {margin-right : 0px;margin-left : 0px;}}@media only screen and (max-width:1024px) {.fusion-body .fusion-builder-column-0{width:100% !important;}.fusion-builder-column-0 > .fusion-column-wrapper {margin-right : 0px;margin-left : 0px;}}<\/style><\/div><style type=\"text\/css\">.fusion-body .fusion-flex-container.fusion-builder-row-1{ padding-top : 90px;margin-top : 0px;padding-right : 0px;padding-bottom : 65px;margin-bottom : 0px;padding-left : 0px;}@media only screen and (max-width:1280px) {.fusion-body .fusion-flex-container.fusion-builder-row-1{ padding-bottom : 60px;}}<\/style><\/div><div class=\"fusion-bg-parallax\" data-bg-align=\"center center\" data-direction=\"right\" data-mute=\"false\" data-opacity=\"100\" data-velocity=\"-0.8\" data-mobile-enabled=\"false\" data-break_parents=\"0\" data-bg-image=\"https:\/\/placehold.it\/1950x1200\/333333\/ffffff\/\" data-bg-repeat=\"false\" ><\/div><div class=\"fusion-fullwidth fullwidth-box fusion-builder-row-2 fusion-flex-container fusion-parallax-right nonhundred-percent-fullwidth non-hundred-percent-height-scrolling\" style=\"background-color: rgba(255,255,255,0);background-image: url(&quot;https:\/\/placehold.it\/1950x1200\/333333\/ffffff\/&quot;);background-position: center center;background-repeat: no-repeat;border-width: 0px 0px 0px 0px;border-color:#eae9e9;border-style:solid;-webkit-background-size:cover;-moz-background-size:cover;-o-background-size:cover;background-size:cover;\" ><div class=\"fusion-builder-row fusion-row fusion-flex-align-items-flex-start\" style=\"max-width:calc( 1100px + 0px );margin-left: calc(-0px \/ 2 );margin-right: calc(-0px \/ 2 );\"><div class=\"fusion-layout-column fusion_builder_column fusion-builder-column-1 fusion_builder_column_1_1 1_1 fusion-flex-column\"><div class=\"fusion-column-wrapper fusion-flex-justify-content-flex-start fusion-content-layout-column\" style=\"background-position:left top;background-repeat:no-repeat;-webkit-background-size:cover;-moz-background-size:cover;-o-background-size:cover;background-size:cover;padding: 0px 0px 0px 0px;\"><\/div><\/div><style type=\"text\/css\">.fusion-body .fusion-builder-column-1{width:100% !important;margin-top : 3%;margin-bottom : 3%;}.fusion-builder-column-1 > .fusion-column-wrapper {padding-top : 0px !important;padding-right : 0px !important;margin-right : 0px;padding-bottom : 0px !important;padding-left : 0px !important;margin-left : 0px;}@media only screen and (max-width:1280px) {.fusion-body .fusion-builder-column-1{width:100% !important;}.fusion-builder-column-1 > .fusion-column-wrapper {margin-right : 0px;margin-left : 0px;}}@media only screen and (max-width:1024px) {.fusion-body .fusion-builder-column-1{width:100% !important;}.fusion-builder-column-1 > .fusion-column-wrapper {margin-right : 0px;margin-left : 0px;}}<\/style><\/div><style type=\"text\/css\">.fusion-body .fusion-flex-container.fusion-builder-row-2{ padding-top : 80px;margin-top : 0px;padding-right : 0px;padding-bottom : 100px;margin-bottom : 0px;padding-left : 0px;}<\/style><\/div><\/p>\n","protected":false},"excerpt":{"rendered":"","protected":false},"author":1,"featured_media":0,"parent":0,"menu_order":0,"comment_status":"closed","ping_status":"closed","template":"100-width.php","meta":[],"_links":{"self":[{"href":"https:\/\/alsaif.med.sa\/sandbox\/wp-json\/wp\/v2\/pages\/802"}],"collection":[{"href":"https:\/\/alsaif.med.sa\/sandbox\/wp-json\/wp\/v2\/pages"}],"about":[{"href":"https:\/\/alsaif.med.sa\/sandbox\/wp-json\/wp\/v2\/types\/page"}],"author":[{"embeddable":true,"href":"https:\/\/alsaif.med.sa\/sandbox\/wp-json\/wp\/v2\/users\/1"}],"replies":[{"embeddable":true,"href":"https:\/\/alsaif.med.sa\/sandbox\/wp-json\/wp\/v2\/comments?post=802"}],"version-history":[{"count":5,"href":"https:\/\/alsaif.med.sa\/sandbox\/wp-json\/wp\/v2\/pages\/802\/revisions"}],"predecessor-version":[{"id":1095,"href":"https:\/\/alsaif.med.sa\/sandbox\/wp-json\/wp\/v2\/pages\/802\/revisions\/1095"}],"wp:attachment":[{"href":"https:\/\/alsaif.med.sa\/sandbox\/wp-json\/wp\/v2\/media?parent=802"}],"curies":[{"name":"wp","href":"https:\/\/api.w.org\/{rel}","templated":true}]}}